{"id":150,"date":"2019-02-13T22:38:23","date_gmt":"2019-02-13T22:38:23","guid":{"rendered":"http:\/\/www.mourirjeunemusic.com\/MJM\/?page_id=150"},"modified":"2019-10-10T11:12:55","modified_gmt":"2019-10-10T11:12:55","slug":"zippy","status":"publish","type":"page","link":"https:\/\/www.mourirjeunemusic.com\/MJM\/zippy\/","title":{"rendered":""},"content":{"rendered":"<div class=\"vce-row-container\"><div class=\"vce-row vce-row--col-gap-30 vce-row-columns--top vce-row-content--top\" id=\"el-76e08e40\" data-vce-do-apply=\"all el-76e08e40\"><div class=\"vce-row-content\" data-vce-element-content=\"true\"><div class=\"vce-col vce-col--md-auto vce-col--xs-1 vce-col--xs-last vce-col--xs-first vce-col--sm-last vce-col--sm-first vce-col--md-last vce-col--lg-last vce-col--xl-last vce-col--md-first vce-col--lg-first vce-col--xl-first\" id=\"el-383e22f8\"><div class=\"vce-col-inner\" data-vce-do-apply=\"border margin background  el-383e22f8\"><div class=\"vce-col-content\" data-vce-element-content=\"true\" data-vce-do-apply=\"padding el-383e22f8\"><div class=\"vce-single-image-container vce-single-image--align-left\"><div class=\"vce vce-single-image-wrapper\" id=\"el-e8247123\" data-vce-do-apply=\"all el-e8247123\"><figure><div class=\"vce-single-image-inner vce-single-image--absolute\" style=\"padding-bottom: 149.927%; width: 683px;\"><img fetchpriority=\"high\" class=\"vce-single-image\" width=\"683\" height=\"1024\"src=\"https:\/\/www.mourirjeunemusic.com\/MJM\/wp-content\/uploads\/2019\/10\/MJM_portraits-sans-flash_typo-05-683x1024.png\" srcset=\"https:\/\/www.mourirjeunemusic.com\/MJM\/wp-content\/uploads\/2019\/10\/MJM_portraits-sans-flash_typo-05-320x480.png 320w,https:\/\/www.mourirjeunemusic.com\/MJM\/wp-content\/uploads\/2019\/10\/MJM_portraits-sans-flash_typo-05-480x720.png 480w,https:\/\/www.mourirjeunemusic.com\/MJM\/wp-content\/uploads\/2019\/10\/MJM_portraits-sans-flash_typo-05-683x1024.png 683w\" data-img-src=\"https:\/\/www.mourirjeunemusic.com\/MJM\/wp-content\/uploads\/2019\/04\/MJM_portraits-sans-flash_typo-05.png\" alt=\"\" title=\"MJM_portraits sans flash_typo-05\"\/><\/div><\/figure><\/div><\/div><div class=\"vce-text-block\"><div class=\"vce-text-block-wrapper vce\" id=\"el-a43ebb82\" data-vce-do-apply=\"all el-a43ebb82\"><\/div><\/div><\/div><\/div><\/div><\/div><\/div><\/div><div class=\"vce-row-container\"><div class=\"vce-row vce-row--col-gap-30 vce-row-columns--top vce-row-content--top\" id=\"el-44f497c0\" data-vce-do-apply=\"all el-44f497c0\"><div class=\"vce-row-content\" data-vce-element-content=\"true\"><div class=\"vce-col vce-col--md-100p vce-col--xs-1 vce-col--xs-last vce-col--xs-first vce-col--sm-last vce-col--sm-first vce-col--md-last vce-col--lg-last vce-col--xl-last vce-col--md-first vce-col--lg-first vce-col--xl-first\" id=\"el-21481f5e\"><div class=\"vce-col-inner\" data-vce-do-apply=\"border margin background  el-21481f5e\"><div class=\"vce-col-content\" data-vce-element-content=\"true\" data-vce-do-apply=\"padding el-21481f5e\"><div class=\"vce-text-block\"><div class=\"vce-text-block-wrapper vce\" id=\"el-b0e6b5e4\" data-vce-do-apply=\"all el-b0e6b5e4\"><h5><span style=\"font-size: 12pt;\">Pr\u00e9sentation<\/span><\/h5><p>Actif dans le milieu du rap genevois depuis 2008, Zippy (anciennement Ziprex) a d\u00e9velopp\u00e9 son style en explorant la grime, la trap et, d'une mani\u00e8re g\u00e9n\u00e9rale, la rencontre entre le rap et la sc\u00e8ne underground des musiques \u00e9lectroniques actuelles. Toujours \u00e0 l'aff\u00fbt des nouvelles tendances musicales, il aime prendre des risques et tenter des exp\u00e9riences intrigantes dans ses nombreux projets.<\/p><p>Autodidacte, hypersensible, ultraprofessionnel, Zippy est un artiste g\u00e9n\u00e9reux et ambitieux, qui a appris \u00e0 canaliser sa cr\u00e9ativit\u00e9 d\u00e9bordante et son imagination hors de contr\u00f4le pour donner une forme \u00e0 ses r\u00eaves et cauchemars \u00e0 travers sa musique. Travailleur acharn\u00e9, d\u00e9vou\u00e9 \u00e0 son public, Zippy est un MC en progression constante gr\u00e2ce \u00e0 sa grande discipline, mais surtout gr\u00e2ce \u00e0 son envie de partage, moteur principal de sa productivit\u00e9.<\/p><p><strong>&nbsp;<\/strong><\/p><h5><span style=\"font-size: 12pt;\">Historique<\/span><\/h5><p><strong>&nbsp;<\/strong><\/p><p>Zippy est un artiste tr\u00e8s prolifique, qui compte plus d'une centaine de morceaux \u00e0 son actif. Apr\u00e8s avoir \u00e9t\u00e9 pendant plusieurs ann\u00e9es la locomotive du collectif Chimical Droogies, fond\u00e9 en 2012, Zippy rejoint l'Axe du Mal en 2016. Catalyseur de la sc\u00e8ne rap underground du Grand Gen\u00e8ve, il a su provoquer des rencontres inattendues entre artistes divers au fil de ses nombreuses collaborations. Cela lui a \u00e9galement permis de d\u00e9velopper une remarquable capacit\u00e9 d'adaptation aux autres et \u00e0 leurs projets.<\/p><p>Zippy a beaucoup contribu\u00e9 au projet de lancement du label, <em>\"Mourir Jeune Music pr\u00e9sente: ASTRONEF\"<\/em>.&nbsp; Il travaille actuellement sur son deuxi\u00e8me EP, ainsi que sur les nouveaux projets de L'Axe du Mal, avec qui il se produit r\u00e9guli\u00e8rement sur sc\u00e8ne.<\/p><p><strong>&nbsp;<\/strong><\/p><h5><span style=\"font-size: 12pt;\">Concept<\/span><\/h5><p><strong>&nbsp;<\/strong><\/p><p>Pour Zippy, la musique, c'est avant tout le partage : investi dans tous les niveaux de la production, il aime \u00eatre pr\u00e9sent et participer \u00e0 toutes les \u00e9tapes, qu'il s'agisse de beatmaking, d'\u00e9criture de textes en commun ou de graphisme. Toujours plein d'id\u00e9es, mais aussi toujours \u00e0 l'\u00e9coute de celles des gens avec qui il collabore, Zippy voit la pratique de la musique comme un processus cathartique, qui lui permet de garder le contact avec les autres, mais aussi de dompter ses d\u00e9mons en se focalisant sur le don de soi et la positivit\u00e9.<\/p><p><strong>&nbsp;<\/strong><\/p><h5><span style=\"font-size: 12pt;\">\u00c0 \u00c9COUTER<\/span><\/h5><p><strong>&nbsp;<\/strong><\/p><p>- <a href=\"https:\/\/fanlink.to\/MJMASTRONEF\"><em>Mourir Jeune Music pr\u00e9sente : ASTRONEF<\/em><\/a>, album collectif, avril 2019<\/p><p>- <a href=\"https:\/\/fanlink.to\/Multivers\"><em>Multivers<\/em><\/a>, EP solo, octobre 2019<\/p><\/div><\/div><\/div><\/div><\/div><\/div><\/div><\/div><div class=\"vce-row-container\"><div class=\"vce-row vce-row--col-gap-30 vce-row-columns--top vce-row-content--top\" id=\"el-43903880\" data-vce-do-apply=\"all el-43903880\"><div class=\"vce-row-content\" data-vce-element-content=\"true\"><div class=\"vce-col vce-col--md-100p vce-col--xs-1 vce-col--xs-last vce-col--xs-first vce-col--sm-last vce-col--sm-first vce-col--md-last vce-col--lg-last vce-col--xl-last vce-col--md-first vce-col--lg-first vce-col--xl-first\" id=\"el-1e8b810e\"><div class=\"vce-col-inner\" data-vce-do-apply=\"border margin background  el-1e8b810e\"><div class=\"vce-col-content\" data-vce-element-content=\"true\" data-vce-do-apply=\"padding el-1e8b810e\"><div class=\"vce vce-separator-container vce-separator--align-center vce-separator--style-solid\" id=\"el-eb9ab9d8\" data-vce-do-apply=\"margin el-eb9ab9d8\"><div class=\"vce-separator vce-separator--color-bfc0c1 vce-separator--width-60 vce-separator--thickness-1\" data-vce-do-apply=\"border padding background  el-eb9ab9d8\"><\/div><\/div><\/div><\/div><\/div><\/div><\/div><\/div><div class=\"vce-row-container\"><div class=\"vce-row vce-row--col-gap-30 vce-row-columns--top vce-row-content--top\" id=\"el-7117cd53\" data-vce-do-apply=\"all el-7117cd53\"><div class=\"vce-row-content\" data-vce-element-content=\"true\"><div class=\"vce-col vce-col--md-100p vce-col--xs-1 vce-col--xs-last vce-col--xs-first vce-col--sm-last vce-col--sm-first vce-col--md-last vce-col--lg-last vce-col--xl-last vce-col--md-first vce-col--lg-first vce-col--xl-first\" id=\"el-82b3426d\"><div class=\"vce-col-inner\" data-vce-do-apply=\"border margin background  el-82b3426d\"><div class=\"vce-col-content\" data-vce-element-content=\"true\" data-vce-do-apply=\"padding el-82b3426d\"><div class=\"vce-button--style-outline-container vce-button--style-outline-container--align-center\"><span class=\"vce-button--style-outline-wrapper vce\" id=\"el-ae0d1073\" data-vce-do-apply=\"margin el-ae0d1073\"><a class=\"vce-button--style-outline vce-button--style-outline--border-round vce-button--style-outline--size-medium vce-button--style-outline--color-e3e3e3--fff--b-255-255-255 vce-button--style-outline--border-color-e3e3e3--b-255-255-255 vce-button--style-outline--background-color-3d3d3d\" href=\"https:\/\/www.instagram.com\/zippy_mjm\/\" title=\"\" target=\"_blank\" data-vce-do-apply=\"padding border background  el-ae0d1073\" rel=\"noopener noreferrer\"><span class=\"vce-button--style-outline-text\">Instagram<\/span><\/a><\/span><\/div><\/div><\/div><\/div><\/div><\/div><\/div><div class=\"vce-row-container\"><div class=\"vce-row vce-row--col-gap-30 vce-row-columns--top vce-row-content--top\" id=\"el-34625210\" data-vce-do-apply=\"all el-34625210\"><div class=\"vce-row-content\" data-vce-element-content=\"true\"><div class=\"vce-col vce-col--md-100p vce-col--xs-1 vce-col--xs-last vce-col--xs-first vce-col--sm-last vce-col--sm-first vce-col--md-last vce-col--lg-last vce-col--xl-last vce-col--md-first vce-col--lg-first vce-col--xl-first\" id=\"el-02beb0fa\"><div class=\"vce-col-inner\" data-vce-do-apply=\"border margin background  el-02beb0fa\"><div class=\"vce-col-content\" data-vce-element-content=\"true\" data-vce-do-apply=\"padding el-02beb0fa\"><div class=\"vce-button--style-outline-container vce-button--style-outline-container--align-center\"><span class=\"vce-button--style-outline-wrapper vce\" id=\"el-07730624\" data-vce-do-apply=\"margin el-07730624\"><a class=\"vce-button--style-outline vce-button--style-outline--border-round vce-button--style-outline--size-medium vce-button--style-outline--color-e3e3e3--fff--b-255-255-255 vce-button--style-outline--border-color-e3e3e3--b-255-255-255 vce-button--style-outline--background-color-3d3d3d\" href=\"https:\/\/www.facebook.com\/ziprex\" title=\"\" data-vce-do-apply=\"padding border background  el-07730624\"><span class=\"vce-button--style-outline-text\">Facebook<\/span><\/a><\/span><\/div><\/div><\/div><\/div><\/div><\/div><\/div><div class=\"vce-row-container\"><div class=\"vce-row vce-row--col-gap-30 vce-row-columns--top vce-row-content--top\" id=\"el-61e67bfb\" data-vce-do-apply=\"all el-61e67bfb\"><div class=\"vce-row-content\" data-vce-element-content=\"true\"><div class=\"vce-col vce-col--md-100p vce-col--xs-1 vce-col--xs-last vce-col--xs-first vce-col--sm-last vce-col--sm-first vce-col--md-last vce-col--lg-last vce-col--xl-last vce-col--md-first vce-col--lg-first vce-col--xl-first\" id=\"el-11b6f11e\"><div class=\"vce-col-inner\" data-vce-do-apply=\"border margin background  el-11b6f11e\"><div class=\"vce-col-content\" data-vce-element-content=\"true\" data-vce-do-apply=\"padding el-11b6f11e\"><div class=\"vce-button--style-outline-container vce-button--style-outline-container--align-center\"><span class=\"vce-button--style-outline-wrapper vce\" id=\"el-f37fc516\" data-vce-do-apply=\"margin el-f37fc516\"><a class=\"vce-button--style-outline vce-button--style-outline--border-round vce-button--style-outline--size-medium vce-button--style-outline--color-e3e3e3--fff--b-255-255-255 vce-button--style-outline--border-color-e3e3e3--b-255-255-255 vce-button--style-outline--background-color-3d3d3d\" href=\"https:\/\/twitter.com\/zippydgz\" title=\"\" data-vce-do-apply=\"padding border background  el-f37fc516\"><span class=\"vce-button--style-outline-text\">Twitter<\/span><\/a><\/span><\/div><div class=\"vce-button--style-outline-container vce-button--style-outline-container--align-center\"><span class=\"vce-button--style-outline-wrapper vce\" id=\"el-bfe02256\" data-vce-do-apply=\"margin el-bfe02256\"><a class=\"vce-button--style-outline vce-button--style-outline--border-round vce-button--style-outline--size-medium vce-button--style-outline--color-e3e3e3--fff--b-255-255-255 vce-button--style-outline--border-color-e3e3e3--b-255-255-255 vce-button--style-outline--background-color-3d3d3d\" href=\"https:\/\/soundcloud.com\/ziprex\" title=\"\" target=\"_blank\" data-vce-do-apply=\"padding border background  el-bfe02256\" rel=\"noopener noreferrer\"><span class=\"vce-button--style-outline-text\">Soundcloud<\/span><\/a><\/span><\/div><div class=\"vce-button--style-outline-container vce-button--style-outline-container--align-center\"><span class=\"vce-button--style-outline-wrapper vce\" id=\"el-3d943ab3\" data-vce-do-apply=\"margin el-3d943ab3\"><a class=\"vce-button--style-outline vce-button--style-outline--border-round vce-button--style-outline--size-medium vce-button--style-outline--color-e3e3e3--fff--b-255-255-255 vce-button--style-outline--border-color-e3e3e3--b-255-255-255 vce-button--style-outline--background-color-3d3d3d\" href=\"https:\/\/www.youtube.com\/channel\/UCS4pzUGaw_ZfLoW4AeJ_MA\" title=\"\" target=\"_blank\" data-vce-do-apply=\"padding border background  el-3d943ab3\" rel=\"noopener noreferrer\"><span class=\"vce-button--style-outline-text\">YouTube<\/span><\/a><\/span><\/div><\/div><\/div><\/div><\/div><\/div><\/div>\n","protected":false},"excerpt":{"rendered":"<p>Pr\u00e9sentationActif dans le milieu du rap genevois depuis 2008, Zippy (anciennement Ziprex) a d\u00e9velopp\u00e9 son style en explorant la grime, la trap et, d&#8217;une mani\u00e8re g\u00e9n\u00e9rale, la rencontre entre le rap et la sc\u00e8ne underground des musiques \u00e9lectroniques actuelles. Toujours \u00e0 l&#8217;aff\u00fbt des nouvelles tendances musicales, il aime prendre des risques et tenter des exp\u00e9riences &hellip; <\/p>\n<p class=\"link-more\"><a href=\"https:\/\/www.mourirjeunemusic.com\/MJM\/zippy\/\" class=\"more-link\">Continue reading<span class=\"screen-reader-text\"> &#8220;&#8221;<\/span><\/a><\/p>\n","protected":false},"author":1,"featured_media":0,"parent":0,"menu_order":0,"comment_status":"closed","ping_status":"closed","template":"","meta":{"footnotes":""},"_links":{"self":[{"href":"https:\/\/www.mourirjeunemusic.com\/MJM\/wp-json\/wp\/v2\/pages\/150"}],"collection":[{"href":"https:\/\/www.mourirjeunemusic.com\/MJM\/wp-json\/wp\/v2\/pages"}],"about":[{"href":"https:\/\/www.mourirjeunemusic.com\/MJM\/wp-json\/wp\/v2\/types\/page"}],"author":[{"embeddable":true,"href":"https:\/\/www.mourirjeunemusic.com\/MJM\/wp-json\/wp\/v2\/users\/1"}],"replies":[{"embeddable":true,"href":"https:\/\/www.mourirjeunemusic.com\/MJM\/wp-json\/wp\/v2\/comments?post=150"}],"version-history":[{"count":5,"href":"https:\/\/www.mourirjeunemusic.com\/MJM\/wp-json\/wp\/v2\/pages\/150\/revisions"}],"predecessor-version":[{"id":672,"href":"https:\/\/www.mourirjeunemusic.com\/MJM\/wp-json\/wp\/v2\/pages\/150\/revisions\/672"}],"wp:attachment":[{"href":"https:\/\/www.mourirjeunemusic.com\/MJM\/wp-json\/wp\/v2\/media?parent=150"}],"curies":[{"name":"wp","href":"https:\/\/api.w.org\/{rel}","templated":true}]}}