{"id":178,"date":"2019-02-14T00:41:35","date_gmt":"2019-02-14T00:41:35","guid":{"rendered":"http:\/\/www.mourirjeunemusic.com\/MJM\/?page_id=178"},"modified":"2023-07-03T12:22:01","modified_gmt":"2023-07-03T12:22:01","slug":"goonkid","status":"publish","type":"page","link":"https:\/\/www.mourirjeunemusic.com\/MJM\/goonkid\/","title":{"rendered":""},"content":{"rendered":"<div class=\"vce-row-container\" data-vce-boxed-width=\"true\"><div class=\"vce-row vce-row--col-gap-30 vce-row-content--top\" id=\"el-bffd190c\" data-vce-do-apply=\"all el-bffd190c\"><div class=\"vce-row-content\" data-vce-element-content=\"true\"><div class=\"vce-col vce-col--md-auto vce-col--xs-1 vce-col--xs-last vce-col--xs-first vce-col--sm-last vce-col--sm-first vce-col--md-last vce-col--lg-last vce-col--xl-last vce-col--md-first vce-col--lg-first vce-col--xl-first\" id=\"el-2c760940\"><div class=\"vce-col-inner\" data-vce-do-apply=\"border margin background  el-2c760940\"><div class=\"vce-col-content\" data-vce-element-content=\"true\" data-vce-do-apply=\"padding el-2c760940\"><div class=\"vce-single-image-container vce-single-image--align-left\"><div class=\"vce vce-single-image-wrapper\" id=\"el-8cef003d\" data-vce-do-apply=\"all el-8cef003d\"><figure><div class=\"vce-single-image-figure-inner\" style=\"width: 683px;\"><div class=\"vce-single-image-inner vce-single-image--absolute\" style=\"width: 100%; padding-bottom: 149.927%;\"><img fetchpriority=\"high\" decoding=\"async\" class=\"vce-single-image\"  width=\"683\" height=\"1024\" srcset=\"https:\/\/www.mourirjeunemusic.com\/MJM\/wp-content\/uploads\/2023\/07\/MJM_portraits-sans-flash_typo-04-320x480.png 320w, https:\/\/www.mourirjeunemusic.com\/MJM\/wp-content\/uploads\/2023\/07\/MJM_portraits-sans-flash_typo-04-480x720.png 480w\" src=\"https:\/\/www.mourirjeunemusic.com\/MJM\/wp-content\/uploads\/2019\/04\/MJM_portraits-sans-flash_typo-04.png\" data-img-src=\"https:\/\/www.mourirjeunemusic.com\/MJM\/wp-content\/uploads\/2019\/04\/MJM_portraits-sans-flash_typo-04.png\" data-attachment-id=\"484\"  alt=\"\" title=\"MJM_portraits sans flash_typo-04\" \/><\/div><\/div><figcaption hidden=\"\"><\/figcaption><\/figure><\/div><\/div><div class=\"vce-text-block\"><div class=\"vce-text-block-wrapper vce\" id=\"el-4427ae45\" data-vce-do-apply=\"all el-4427ae45\"><\/div><\/div><\/div><\/div><\/div><\/div><\/div><\/div><div class=\"vce-row-container\" data-vce-boxed-width=\"true\"><div class=\"vce-row vce-row--col-gap-30 vce-row-content--top\" id=\"el-7c462995\" data-vce-do-apply=\"all el-7c462995\"><div class=\"vce-row-content\" data-vce-element-content=\"true\"><div class=\"vce-col vce-col--md-100p vce-col--xs-1 vce-col--xs-last vce-col--xs-first vce-col--sm-last vce-col--sm-first vce-col--md-last vce-col--lg-last vce-col--xl-last vce-col--md-first vce-col--lg-first vce-col--xl-first\" id=\"el-b187c7f6\"><div class=\"vce-col-inner\" data-vce-do-apply=\"border margin background  el-b187c7f6\"><div class=\"vce-col-content\" data-vce-element-content=\"true\" data-vce-do-apply=\"padding el-b187c7f6\"><div class=\"vce-text-block\"><div class=\"vce-text-block-wrapper vce\" id=\"el-86cc2d9a\" data-vce-do-apply=\"all el-86cc2d9a\"><h5><span style=\"font-size: 12pt;\">Pr\u00e9sentation<\/span><\/h5><p><em>&nbsp;<\/em><\/p><p>Goon Kid est un producteur de musique \u00e9lectronique bas\u00e9 \u00e0 Gen\u00e8ve. Actif dans le DJing et la production musicale depuis 2001, il met aujourd'hui son exp\u00e9rience accumul\u00e9e au service d'un nouveau label, Mourir Jeune Music, dont il est le cr\u00e9ateur et le manager.<\/p><h5><span style=\"font-size: 12pt;\">HISTORIQUE<\/span><\/h5><p>Autodidacte acharn\u00e9, pr\u00e9coce et passionn\u00e9 de musique, Goon Kid apprend le scratch et les encha\u00eenements sur ses platines 33 tours avant m\u00eame d\u2019apprendre \u00e0 se raser. Il adopte le nom \"Kid Rolex\" d\u00e9but 2000, pour donner forme \u00e0 ses premi\u00e8res exp\u00e9rimentations avec la production musicale.<\/p><p>Kid Rolex\/Goon Kid sort sa premi\u00e8re mixtape en 2001 (Geneva Essentialz), suivie en 2002 par un premier disque, \"Christmas Zone\" (Villa&nbsp; Magica). Il collabore par la suite avec TTC, Tes One, Omnikrom, Shapeshifters, Bluebird, Stacs Of Stamina, et d'autres artistes issus de la sc\u00e8ne rap underground internationale des ann\u00e9es 2000. Avec The Genevan Heathen, il produit une s\u00e9rie de mixtapes exp\u00e9rimentales (notgoinganywhere vol. 0-&gt; vol. 6), ainsi qu'une mixtape ralentie \"Certains L'Aiment Slow\" (2012).<\/p><p>Goon Kid d\u00e9veloppe au fil des ans un go\u00fbt pour la direction artistique. Il guide aujourd\u2019hui avec professionnalisme les artistes avec lesquel\u00b7les il travaille, assurant la production, l'enregistrement et le mixage de leurs morceaux. Goon Kid a quasiment enti\u00e8rement produit les premiers EPs de Zippy, Segen, V&amp;W et Sournoise Boy. Il a \u00e9galement produit la moiti\u00e9 des titres de la compilation \"ASTRONEF\", et pr\u00e9pare les projets \u00e0 venir du label MJM avec Segen, Abi2spee et Zippy.<\/p><h5><span style=\"font-size: 12pt;\">Concept<\/span><\/h5><p>Avide de nouveaux sons et anticonformiste par essence, Goon Kid fuit l\u2019imitation comme les sch\u00e9mas impos\u00e9s. Influenc\u00e9 par la sc\u00e8ne internationale du rap et de l'electro, il aspire \u00e0 produire un rap fran\u00e7ais qui d\u00e9passe les carcans et les fronti\u00e8res de la musique et de la culture francophones.<\/p><p>Goon Kid propose aujourd\u2019hui des beats aux couleurs pouvant aller de la Trap de Memphis \u00e0 la Jersey Drill, de la Future Bass \u00e0 la Chill Trap, avec une solide base Soul. Ses compositions aux rythmiques rebondissantes et modernes, qui surprennent par leur musicalit\u00e9 et leur aspect cin\u00e9matique, s'adaptent aux diff\u00e9rent.e.s artistes pour qui il les produit.<\/p><h5><span style=\"font-size: 12pt;\">\u00c0 d\u00e9couvrir<\/span><\/h5><p>- \"<em><a href=\"https:\/\/fanlink.to\/MJMASTRONEF\">Mourir Jeune Music pr\u00e9sente : ASTRONEF<\/a>\"<\/em>, album collectif, 2019<\/p><p>- Sournoise Boy, \"<a href=\"https:\/\/fanlink.to\/InterieurNuit\"><em>Int\u00e9rieur Nuit<\/em><\/a>\", EP, 2019<\/p><p>- Zippy, \"<em><a href=\"https:\/\/fanlink.to\/Multivers\">Multivers<\/a>\"<\/em>, EP, 2019<\/p><p>- Segen, \"<a href=\"https:\/\/fanlink.to\/Incipit\"><em>Incipit<\/em><\/a>\", 2020<\/p><p>- Abi2spee, \"<a href=\"https:\/\/fanlink.to\/tranquille\"><em>Tranquille<\/em><\/a>\", \"<a href=\"https:\/\/fanlink.to\/abi2spee-rockstar\"><em>Rockstar<\/em><\/a>\", \"<a href=\"https:\/\/fanlink.to\/Lvx\"><em>Lvx<\/em><\/a>\", singles, 2020<\/p><\/div><\/div><\/div><\/div><\/div><\/div><\/div><\/div><div class=\"vce-row-container\" data-vce-boxed-width=\"true\"><div class=\"vce-row vce-row--col-gap-30 vce-row-content--top\" id=\"el-ba56ae39\" data-vce-do-apply=\"all el-ba56ae39\"><div class=\"vce-row-content\" data-vce-element-content=\"true\"><div class=\"vce-col vce-col--md-100p vce-col--xs-1 vce-col--xs-last vce-col--xs-first vce-col--sm-last vce-col--sm-first vce-col--md-last vce-col--lg-last vce-col--xl-last vce-col--md-first vce-col--lg-first vce-col--xl-first\" id=\"el-b580c890\"><div class=\"vce-col-inner\" data-vce-do-apply=\"border margin background  el-b580c890\"><div class=\"vce-col-content\" data-vce-element-content=\"true\" data-vce-do-apply=\"padding el-b580c890\"><div class=\"vce vce-separator-container vce-separator--align-center vce-separator--style-solid\" id=\"el-033e28aa\" data-vce-do-apply=\"margin el-033e28aa\"><div class=\"vce-separator vce-separator--color-bfc0c1 vce-separator--width-60 vce-separator--thickness-1\" data-vce-do-apply=\"border padding background  el-033e28aa\"><\/div><\/div><\/div><\/div><\/div><\/div><\/div><\/div><div class=\"vce-row-container\" data-vce-boxed-width=\"true\"><div class=\"vce-row vce-row--col-gap-30 vce-row-content--top\" id=\"el-0fbff7a9\" data-vce-do-apply=\"all el-0fbff7a9\"><div class=\"vce-row-content\" data-vce-element-content=\"true\"><div class=\"vce-col vce-col--md-100p vce-col--xs-1 vce-col--xs-last vce-col--xs-first vce-col--sm-last vce-col--sm-first vce-col--md-last vce-col--lg-last vce-col--xl-last vce-col--md-first vce-col--lg-first vce-col--xl-first\" id=\"el-3557fe98\"><div class=\"vce-col-inner\" data-vce-do-apply=\"border margin background  el-3557fe98\"><div class=\"vce-col-content\" data-vce-element-content=\"true\" data-vce-do-apply=\"padding el-3557fe98\"><div class=\"vce-button--style-outline-container vce-button--style-outline-container--align-center\"><span class=\"vce-button--style-outline-wrapper vce\" id=\"el-d9a0608b\" data-vce-do-apply=\"margin el-d9a0608b\"><a class=\"vce-button vce-button--style-outline vce-button--style-outline--border-round vce-button--style-outline--size-medium vce-button--style-outline--color-e3e3e3--fff--b-255-255-255 vce-button--style-outline--border-color-e3e3e3--b-255-255-255 vce-button--style-outline--background-color-3d3d3d\" href=\"https:\/\/www.instagram.com\/goonkid_mjm\/\" title=\"\" target=\"_blank\" data-vce-do-apply=\"padding border background  el-d9a0608b\" rel=\"noopener\"><span class=\"vce-button--style-outline-text\">Instagram<\/span><\/a><\/span><\/div><\/div><\/div><\/div><\/div><\/div><\/div><div class=\"vce-row-container\" data-vce-boxed-width=\"true\"><div class=\"vce-row vce-row--col-gap-30 vce-row-content--top\" id=\"el-d9b8c765\" data-vce-do-apply=\"all el-d9b8c765\"><div class=\"vce-row-content\" data-vce-element-content=\"true\"><div class=\"vce-col vce-col--md-100p vce-col--xs-1 vce-col--xs-last vce-col--xs-first vce-col--sm-last vce-col--sm-first vce-col--md-last vce-col--lg-last vce-col--xl-last vce-col--md-first vce-col--lg-first vce-col--xl-first\" id=\"el-9b121759\"><div class=\"vce-col-inner\" data-vce-do-apply=\"border margin background  el-9b121759\"><div class=\"vce-col-content\" data-vce-element-content=\"true\" data-vce-do-apply=\"padding el-9b121759\"><div class=\"vce-button--style-outline-container vce-button--style-outline-container--align-center\"><span class=\"vce-button--style-outline-wrapper vce\" id=\"el-ab551271\" data-vce-do-apply=\"margin el-ab551271\"><a class=\"vce-button vce-button--style-outline vce-button--style-outline--border-round vce-button--style-outline--size-medium vce-button--style-outline--color-e3e3e3--fff--b-255-255-255 vce-button--style-outline--border-color-e3e3e3--b-255-255-255 vce-button--style-outline--background-color-3d3d3d\" href=\"https:\/\/twitter.com\/GoonKidBeats\" title=\"\" target=\"_blank\" data-vce-do-apply=\"padding border background  el-ab551271\" rel=\"noopener\"><span class=\"vce-button--style-outline-text\">Twitter<\/span><\/a><\/span><\/div><\/div><\/div><\/div><\/div><\/div><\/div><div class=\"vce-row-container\" data-vce-boxed-width=\"true\"><div class=\"vce-row vce-row--col-gap-30 vce-row-content--top\" id=\"el-36df4166\" data-vce-do-apply=\"all el-36df4166\"><div class=\"vce-row-content\" data-vce-element-content=\"true\"><div class=\"vce-col vce-col--md-100p vce-col--xs-1 vce-col--xs-last vce-col--xs-first vce-col--sm-last vce-col--sm-first vce-col--md-last vce-col--lg-last vce-col--xl-last vce-col--md-first vce-col--lg-first vce-col--xl-first\" id=\"el-ceb71789\"><div class=\"vce-col-inner\" data-vce-do-apply=\"border margin background  el-ceb71789\"><div class=\"vce-col-content\" data-vce-element-content=\"true\" data-vce-do-apply=\"padding el-ceb71789\"><div class=\"vce-button--style-outline-container vce-button--style-outline-container--align-center\"><span class=\"vce-button--style-outline-wrapper vce\" id=\"el-b4867c96\" data-vce-do-apply=\"margin el-b4867c96\"><a class=\"vce-button vce-button--style-outline vce-button--style-outline--border-round vce-button--style-outline--size-medium vce-button--style-outline--color-e3e3e3--fff--b-255-255-255 vce-button--style-outline--border-color-e3e3e3--b-255-255-255 vce-button--style-outline--background-color-3d3d3d\" href=\"https:\/\/soundcloud.com\/goon-kid\" title=\"\" target=\"_blank\" data-vce-do-apply=\"padding border background  el-b4867c96\" rel=\"noopener\"><span class=\"vce-button--style-outline-text\">Soundcloud<\/span><\/a><\/span><\/div><\/div><\/div><\/div><\/div><\/div><\/div>\n","protected":false},"excerpt":{"rendered":"<p>Pr\u00e9sentation&nbsp;Goon Kid est un producteur de musique \u00e9lectronique bas\u00e9 \u00e0 Gen\u00e8ve. Actif dans le DJing et la production musicale depuis 2001, il met aujourd&#8217;hui son exp\u00e9rience accumul\u00e9e au service d&#8217;un nouveau label, Mourir Jeune Music, dont il est le cr\u00e9ateur et le manager.HISTORIQUEAutodidacte acharn\u00e9, pr\u00e9coce et passionn\u00e9 de musique, Goon Kid apprend le scratch et &hellip; <\/p>\n<p class=\"link-more\"><a href=\"https:\/\/www.mourirjeunemusic.com\/MJM\/goonkid\/\" class=\"more-link\">Continue reading<span class=\"screen-reader-text\"> &#8220;&#8221;<\/span><\/a><\/p>\n","protected":false},"author":1,"featured_media":0,"parent":0,"menu_order":0,"comment_status":"closed","ping_status":"closed","template":"","meta":{"footnotes":""},"_links":{"self":[{"href":"https:\/\/www.mourirjeunemusic.com\/MJM\/wp-json\/wp\/v2\/pages\/178"}],"collection":[{"href":"https:\/\/www.mourirjeunemusic.com\/MJM\/wp-json\/wp\/v2\/pages"}],"about":[{"href":"https:\/\/www.mourirjeunemusic.com\/MJM\/wp-json\/wp\/v2\/types\/page"}],"author":[{"embeddable":true,"href":"https:\/\/www.mourirjeunemusic.com\/MJM\/wp-json\/wp\/v2\/users\/1"}],"replies":[{"embeddable":true,"href":"https:\/\/www.mourirjeunemusic.com\/MJM\/wp-json\/wp\/v2\/comments?post=178"}],"version-history":[{"count":12,"href":"https:\/\/www.mourirjeunemusic.com\/MJM\/wp-json\/wp\/v2\/pages\/178\/revisions"}],"predecessor-version":[{"id":973,"href":"https:\/\/www.mourirjeunemusic.com\/MJM\/wp-json\/wp\/v2\/pages\/178\/revisions\/973"}],"wp:attachment":[{"href":"https:\/\/www.mourirjeunemusic.com\/MJM\/wp-json\/wp\/v2\/media?parent=178"}],"curies":[{"name":"wp","href":"https:\/\/api.w.org\/{rel}","templated":true}]}}