{"id":263,"date":"2019-03-05T11:36:14","date_gmt":"2019-03-05T11:36:14","guid":{"rendered":"http:\/\/www.mourirjeunemusic.com\/MJM\/?page_id=263"},"modified":"2023-06-15T17:51:19","modified_gmt":"2023-06-15T17:51:19","slug":"abi2spee","status":"publish","type":"page","link":"https:\/\/www.mourirjeunemusic.com\/MJM\/abi2spee\/","title":{"rendered":""},"content":{"rendered":"<div class=\"vce-row-container\" data-vce-boxed-width=\"true\"><div class=\"vce-row vce-row--col-gap-30 vce-row-content--top\" id=\"el-4bed7538\" data-vce-do-apply=\"all el-4bed7538\"><div class=\"vce-row-content\" data-vce-element-content=\"true\"><div class=\"vce-col vce-col--md-auto vce-col--xs-1 vce-col--xs-last vce-col--xs-first vce-col--sm-last vce-col--sm-first vce-col--md-last vce-col--lg-last vce-col--xl-last vce-col--md-first vce-col--lg-first vce-col--xl-first\" id=\"el-ce71e070\"><div class=\"vce-col-inner\" data-vce-do-apply=\"border margin background  el-ce71e070\"><div class=\"vce-col-content\" data-vce-element-content=\"true\" data-vce-do-apply=\"padding el-ce71e070\"><div class=\"vce-text-block\"><div class=\"vce-text-block-wrapper vce\" id=\"el-b26a4d75\" data-vce-do-apply=\"all el-b26a4d75\"><\/div><\/div><div class=\"vce-single-image-container vce-single-image--align-left\"><div class=\"vce vce-single-image-wrapper\" id=\"el-2be083f3\" data-vce-do-apply=\"all el-2be083f3\"><figure><div class=\"vce-single-image-figure-inner\" style=\"width: 683px;\"><div class=\"vce-single-image-inner vce-single-image--absolute\" style=\"width: 100%; padding-bottom: 149.927%;\"><img fetchpriority=\"high\" decoding=\"async\" class=\"vce-single-image\"  width=\"683\" height=\"1024\" srcset=\"https:\/\/www.mourirjeunemusic.com\/MJM\/wp-content\/uploads\/2023\/06\/MJM_portraits-sans-flash_typo-06-320x480.png 320w\" src=\"https:\/\/www.mourirjeunemusic.com\/MJM\/wp-content\/uploads\/2019\/04\/MJM_portraits-sans-flash_typo-06.png\" data-img-src=\"https:\/\/www.mourirjeunemusic.com\/MJM\/wp-content\/uploads\/2019\/04\/MJM_portraits-sans-flash_typo-06.png\" data-attachment-id=\"486\"  alt=\"\" title=\"MJM_portraits sans flash_typo-06\" \/><\/div><\/div><figcaption hidden=\"\"><\/figcaption><\/figure><\/div><\/div><\/div><\/div><\/div><\/div><\/div><\/div><div class=\"vce-row-container\" data-vce-boxed-width=\"true\"><div class=\"vce-row vce-row--col-gap-30 vce-row-content--top\" id=\"el-59ef66d8\" data-vce-do-apply=\"all el-59ef66d8\"><div class=\"vce-row-content\" data-vce-element-content=\"true\"><div class=\"vce-col vce-col--md-auto vce-col--xs-1 vce-col--xs-last vce-col--xs-first vce-col--sm-last vce-col--sm-first vce-col--md-last vce-col--lg-last vce-col--xl-last vce-col--md-first vce-col--lg-first vce-col--xl-first\" id=\"el-df4c1ccf\"><div class=\"vce-col-inner\" data-vce-do-apply=\"border margin background  el-df4c1ccf\"><div class=\"vce-col-content\" data-vce-element-content=\"true\" data-vce-do-apply=\"padding el-df4c1ccf\"><div class=\"vce-text-block\"><div class=\"vce-text-block-wrapper vce\" id=\"el-ca4027d9\" data-vce-do-apply=\"all el-ca4027d9\"><h5>&nbsp;<\/h5>\n<h5><span style=\"font-size: 12pt;\"><strong>Pr\u00e9sentation<\/strong><\/span><\/h5>\n<p>&nbsp;<\/p>\n<p>Actif sur le Web depuis 2012, membre du collectif CLR, Abi2spee est un rappeur ambivalent : oscillant constamment entre la douceur et la puissance, le s\u00e9rieux et le dr\u00f4le, partag\u00e9 entre sa ville natale et sa ville d'adoption (Gen\u00e8ve et Marseille), il ne peut s'emp\u00eacher d'appliquer cette dualit\u00e9 \u00e0 sa musique. V\u00e9ritable b\u00eate de sc\u00e8ne, artiste plein d'\u00e9nergie et d'amour, Abi2spee passe facilement de la Trap au R'n'B, en se permettant parfois d'ajouter des sonorit\u00e9s blues-rock \u00e0 ses compositions : le r\u00e9sultat est une musique lib\u00e9ratrice, focalis\u00e9e sur le partage de bonnes \u00e9nergies, sans cesse changeante et \u00e9volutive, \u00e0 laquelle Abi2spee a donn\u00e9 le nom de \"Love &amp; Juice Music\".<\/p>\n<p><strong>&nbsp;<\/strong><strong>&nbsp;<\/strong><\/p>\n<h5><span style=\"font-size: 12pt;\"><strong>Historique<\/strong><\/span><\/h5>\n<p>&nbsp;<\/p>\n<p>Abi2spee compte trois projets solo \u00e0 son actif : le premier (\"Les Pers\u00e9\u00efdes\", 2016) est une exploration de l'aspect \"love\" de sa musique. Le deuxi\u00e8me (\"Ratitude\", 2018) va \u00e0 l'oppos\u00e9 en d\u00e9veloppant l'aspect \"juice\", c'est-\u00e0-dire le c\u00f4t\u00e9 festif et libertaire, autrement dit la facette \"rat\" d'Abi2spee. Le troisi\u00e8me projet, \"Wavysummer Vol. 0\" (2018), constitue l'aboutissement de la recherche d'un \u00e9quilibre entre ces deux aspects ; c'est donc le projet qui a donn\u00e9 naissance au concept de \"Love&amp;Juice Music\".<\/p>\n<p>Outre ces projets, Abi2spee a \u00e9galement collabor\u00e9 avec plusieurs artistes de la r\u00e9gion genevoise : Ankerboy, Yng Home, Yung Tarpei, Sawmal, Netikos, CLR, Jeune Side et Anklature.<\/p>\n<p><strong>&nbsp;<\/strong><strong>&nbsp;<\/strong><\/p>\n<h5><span style=\"font-size: 12pt;\"><strong>Concept<\/strong><\/span><\/h5>\n<p>&nbsp;<\/p>\n<p>-Quand Abi2spee a rejoint Mourir Jeune Music, il s'est fix\u00e9 l'objectif suivant : faire \u00e9voluer le concept \"Love&amp;Juice\" dans une dimension r\u00e9tro-futuriste, en explorant les m\u00e9langes de la G-Funk, du R'n'B et de la Soul avec des genres plus modernes, comme la Trap, la Chill ou la Future Bass. D\u00e9sireux de donner aux gens \u00e0 la fois de quoi danser, faire l'amour, et \u00eatre plus conscient de son environnement, Abi2spee a choisi de donner une vision lib\u00e9r\u00e9e de la vie, aux fronti\u00e8res de la pens\u00e9e anarchiste, poussant \u00e0 d\u00e9velopper sa propre \u00e9thique plut\u00f4t qu'\u00e0 accepter la bien-pensance commune sans jamais la questionner.<\/p>\n<p><strong>&nbsp;<\/strong><strong>&nbsp;<\/strong><\/p>\n<h5><span style=\"font-size: 16px;\">A VENIR<\/span><\/h5>\n<h5>&nbsp;<\/h5>\n<p><span style=\"font-size: 16px;\">-Singles et album avec Mourir Jeune Music (2023)<\/span><\/p>\n<p><span style=\"font-size: 16px;\">-projet collectif avec CLR\/milfranc suisse (2023)<\/span><\/p>\n<p><span style=\"font-size: 16px;\">-projet avec Conanlegrosbarbare (2023)<\/span><\/p>\n<h5>&nbsp;<\/h5>\n<h5><span style=\"font-size: 12pt;\"><strong>\u00c0 D\u00e9COUVRIR<\/strong><\/span><\/h5>\n<p><strong>&nbsp;<\/strong><\/p>\n<p>-2 collaborations sur \"<a href=\"https:\/\/fanlink.to\/MJMASTRONEF\"><em>Mourir Jeune Music pr\u00e9sente : ASTRONEF<\/em><\/a>\"&nbsp; (printemps 2019)<\/p>\n<p>-\"<em><a href=\"https:\/\/fanlink.to\/WFSDAQ\">Wavyfunkysummerdaysauquartier<\/a><\/em>\" - EP avec Conan le Gros Barbare (2019)<\/p>\n<p>-\"<em><a href=\"https:\/\/musics.link\/roidesrats\">Roi des Rats<\/a><\/em>\" - EP avec Milfranc Suisse (2020)<\/p>\n<p>-\"<em><a href=\"https:\/\/fanlink.to\/tranquille\">Tranquille<\/a><\/em>\" - single (2020)<\/p>\n<p>-\"<em><a href=\"https:\/\/fanlink.to\/abi2spee-rockstar\">Rockstar<\/a><\/em>\" - single (2020)<\/p>\n<p>-\"<em><a href=\"https:\/\/fanlink.to\/Lvx\">Lvx<\/a><\/em>\" - single (2020)<\/p><\/div><\/div><\/div><\/div><\/div><div class=\"vce-col vce-col--md-100p vce-col--xs-1 vce-col--xs-last vce-col--xs-first vce-col--sm-last vce-col--sm-first vce-col--md-last vce-col--lg-last vce-col--xl-last vce-col--md-first vce-col--lg-first vce-col--xl-first\" id=\"el-f5d8cca4\"><div class=\"vce-col-inner\" data-vce-do-apply=\"border margin background  el-f5d8cca4\"><div class=\"vce-col-content\" data-vce-element-content=\"true\" data-vce-do-apply=\"padding el-f5d8cca4\"><div><\/div><\/div><\/div><\/div><div class=\"vce-col vce-col--md-100p vce-col--xs-1 vce-col--xs-last vce-col--xs-first vce-col--sm-last vce-col--sm-first vce-col--md-last vce-col--lg-last vce-col--xl-last vce-col--md-first vce-col--lg-first vce-col--xl-first\" id=\"el-bfa7af2d\"><div class=\"vce-col-inner\" data-vce-do-apply=\"border margin background  el-bfa7af2d\"><div class=\"vce-col-content\" data-vce-element-content=\"true\" data-vce-do-apply=\"padding el-bfa7af2d\"><div><\/div><\/div><\/div><\/div><\/div><\/div><\/div><div class=\"vce-row-container\" data-vce-boxed-width=\"true\"><div class=\"vce-row vce-row--col-gap-30 vce-row-content--top\" id=\"el-cd95f505\" data-vce-do-apply=\"all el-cd95f505\"><div class=\"vce-row-content\" data-vce-element-content=\"true\"><div class=\"vce-col vce-col--md-100p vce-col--xs-1 vce-col--xs-last vce-col--xs-first vce-col--sm-last vce-col--sm-first vce-col--md-last vce-col--lg-last vce-col--xl-last vce-col--md-first vce-col--lg-first vce-col--xl-first\" id=\"el-a6be1747\"><div class=\"vce-col-inner\" data-vce-do-apply=\"border margin background  el-a6be1747\"><div class=\"vce-col-content\" data-vce-element-content=\"true\" data-vce-do-apply=\"padding el-a6be1747\"><div class=\"vce vce-separator-container vce-separator--align-center vce-separator--style-solid\" id=\"el-fa09ccee\" data-vce-do-apply=\"margin el-fa09ccee\"><div class=\"vce-separator vce-separator--color-bfc0c1 vce-separator--width-60 vce-separator--thickness-1\" data-vce-do-apply=\"border padding background  el-fa09ccee\"><\/div><\/div><div class=\"vce-row-container\" data-vce-boxed-width=\"true\"><div class=\"vce-row vce-row--col-gap-30 vce-row-content--top\" id=\"el-fa663082\" data-vce-do-apply=\"all el-fa663082\"><div class=\"vce-row-content\" data-vce-element-content=\"true\"><div class=\"vce-col vce-col--md-100p vce-col--xs-1 vce-col--xs-last vce-col--xs-first vce-col--sm-last vce-col--sm-first vce-col--md-last vce-col--lg-last vce-col--xl-last vce-col--md-first vce-col--lg-first vce-col--xl-first\" id=\"el-cefc204a\"><div class=\"vce-col-inner\" data-vce-do-apply=\"border margin background  el-cefc204a\"><div class=\"vce-col-content\" data-vce-element-content=\"true\" data-vce-do-apply=\"padding el-cefc204a\"><div><\/div><\/div><\/div><\/div><\/div><\/div><\/div><\/div><\/div><\/div><\/div><\/div><\/div><div class=\"vce-row-container\" data-vce-boxed-width=\"true\"><div class=\"vce-row vce-row--col-gap-30 vce-row-content--top\" id=\"el-34c61a2b\" data-vce-do-apply=\"all el-34c61a2b\"><div class=\"vce-row-content\" data-vce-element-content=\"true\"><div class=\"vce-col vce-col--md-100p vce-col--xs-1 vce-col--xs-last vce-col--xs-first vce-col--sm-last vce-col--sm-first vce-col--md-last vce-col--lg-last vce-col--xl-last vce-col--md-first vce-col--lg-first vce-col--xl-first\" id=\"el-9a7cb694\"><div class=\"vce-col-inner\" data-vce-do-apply=\"border margin background  el-9a7cb694\"><div class=\"vce-col-content\" data-vce-element-content=\"true\" data-vce-do-apply=\"padding el-9a7cb694\"><div class=\"vce-button--style-outline-container vce-button--style-outline-container--align-center\"><span class=\"vce-button--style-outline-wrapper vce\" id=\"el-689ab8dd\" data-vce-do-apply=\"margin el-689ab8dd\"><a class=\"vce-button vce-button--style-outline vce-button--style-outline--border-round vce-button--style-outline--size-medium vce-button--style-outline--color-e3e3e3--fff--b-255-255-255 vce-button--style-outline--border-color-e3e3e3--b-255-255-255 vce-button--style-outline--background-color-3d3d3d\" href=\"https:\/\/www.instagram.com\/abi2spee\/\" title=\"\" target=\"_blank\" data-vce-do-apply=\"padding border background  el-689ab8dd\" rel=\"noopener\"><span class=\"vce-button--style-outline-text\">Instagram<\/span><\/a><\/span><\/div><div class=\"vce-button--style-outline-container vce-button--style-outline-container--align-center\"><span class=\"vce-button--style-outline-wrapper vce\" id=\"el-d2990f32\" data-vce-do-apply=\"margin el-d2990f32\"><a class=\"vce-button vce-button--style-outline vce-button--style-outline--border-round vce-button--style-outline--size-medium vce-button--style-outline--color-e3e3e3--fff--b-255-255-255 vce-button--style-outline--border-color-e3e3e3--b-255-255-255 vce-button--style-outline--background-color-3d3d3d\" href=\"https:\/\/soundcloud.com\/abi2spee\" title=\"\" target=\"_blank\" data-vce-do-apply=\"padding border background  el-d2990f32\" rel=\"noopener\"><span class=\"vce-button--style-outline-text\">Soundcloud<\/span><\/a><\/span><\/div><div class=\"vce-button--style-outline-container vce-button--style-outline-container--align-center\"><span class=\"vce-button--style-outline-wrapper vce\" id=\"el-0fa357c1\" data-vce-do-apply=\"margin el-0fa357c1\"><a class=\"vce-button vce-button--style-outline vce-button--style-outline--border-round vce-button--style-outline--size-medium vce-button--style-outline--color-e3e3e3--fff--b-255-255-255 vce-button--style-outline--border-color-e3e3e3--b-255-255-255 vce-button--style-outline--background-color-3d3d3d\" href=\"https:\/\/www.youtube.com\/channel\/UCeJQNYmVGPtbmjfES7GgITA\" title=\"\" target=\"_blank\" data-vce-do-apply=\"padding border background  el-0fa357c1\" rel=\"noopener\"><span class=\"vce-button--style-outline-text\">YouTube<\/span><\/a><\/span><\/div><\/div><\/div><\/div><\/div><\/div><\/div>","protected":false},"excerpt":{"rendered":"<p>&nbsp; Pr\u00e9sentation &nbsp; Actif sur le Web depuis 2012, membre du collectif CLR, Abi2spee est un rappeur ambivalent : oscillant constamment entre la douceur et la puissance, le s\u00e9rieux et le dr\u00f4le, partag\u00e9 entre sa ville natale et sa ville d&#8217;adoption (Gen\u00e8ve et Marseille), il ne peut s&#8217;emp\u00eacher d&#8217;appliquer cette dualit\u00e9 \u00e0 sa musique. V\u00e9ritable &hellip; <\/p>\n<p class=\"link-more\"><a href=\"https:\/\/www.mourirjeunemusic.com\/MJM\/abi2spee\/\" class=\"more-link\">Continue reading<span class=\"screen-reader-text\"> &#8220;&#8221;<\/span><\/a><\/p>\n","protected":false},"author":1,"featured_media":0,"parent":0,"menu_order":0,"comment_status":"closed","ping_status":"closed","template":"","meta":{"footnotes":""},"_links":{"self":[{"href":"https:\/\/www.mourirjeunemusic.com\/MJM\/wp-json\/wp\/v2\/pages\/263"}],"collection":[{"href":"https:\/\/www.mourirjeunemusic.com\/MJM\/wp-json\/wp\/v2\/pages"}],"about":[{"href":"https:\/\/www.mourirjeunemusic.com\/MJM\/wp-json\/wp\/v2\/types\/page"}],"author":[{"embeddable":true,"href":"https:\/\/www.mourirjeunemusic.com\/MJM\/wp-json\/wp\/v2\/users\/1"}],"replies":[{"embeddable":true,"href":"https:\/\/www.mourirjeunemusic.com\/MJM\/wp-json\/wp\/v2\/comments?post=263"}],"version-history":[{"count":16,"href":"https:\/\/www.mourirjeunemusic.com\/MJM\/wp-json\/wp\/v2\/pages\/263\/revisions"}],"predecessor-version":[{"id":959,"href":"https:\/\/www.mourirjeunemusic.com\/MJM\/wp-json\/wp\/v2\/pages\/263\/revisions\/959"}],"wp:attachment":[{"href":"https:\/\/www.mourirjeunemusic.com\/MJM\/wp-json\/wp\/v2\/media?parent=263"}],"curies":[{"name":"wp","href":"https:\/\/api.w.org\/{rel}","templated":true}]}}